{"id":465,"date":"2017-12-20T17:05:48","date_gmt":"2017-12-20T16:05:48","guid":{"rendered":"http:\/\/jam3.japhar.com\/japhar\/?post_type=product&#038;p=465"},"modified":"2018-05-08T16:20:27","modified_gmt":"2018-05-08T14:20:27","slug":"vu-j-chip-by-japhar","status":"publish","type":"product","link":"https:\/\/jam3.japhar.com\/japhar\/product\/vu-j-chip-by-japhar\/","title":{"rendered":"Chip by Japhar VU J"},"content":{"rendered":"<p>VU Boxes : Announcement, the VU J Chip by Japhar !<\/p>\n<p>Japhar Team announce the VU J Chip, for VU+ Solo, VU+ Duo, VU+ Uno, VU+ Solo2 clones<\/p>\n<p>&nbsp;<\/p>\n<p>English :<\/p>\n<p>Today the Japhar Team is proud to announce the availability of their VU J Chip that will upgrade your VU+ Clone box (Ferrari and others) to the compatibility of original images.<\/p>\n<p>You can upgrade your VU Ferrari Clone (or any other clone brand) to the new chip or the new Security Board, and enjoy the original images for the VU+ Solo, Duo, Uno and Solo2 boxes.<\/p>\n<p>For more informations you can contact the Japhar Team or come to visit our Group page.<\/p>\n<p>French :<\/p>\n<p>Aujourd&#8217;hui, l&#8217;\u00e9quipe Japhar est fi\u00e8re d&#8217;annoncer la disponibilit\u00e9 de leur puce VU J qui permettra de mettre \u00e0 jour votre bo\u00eete VU + Clone (Ferrari et autres) \u00e0 la compatibilit\u00e9 des images originales.<\/p>\n<p>Vous pouvez mettre \u00e0 jour votre VU Ferrari Clone (ou toute autre marque de clone) vers la nouvelle puce ou le nouveau Security Board, et profiter des images originales pour les bo\u00eetes VU + Solo, Duo, Uno et Solo2.<\/p>\n<p>Pour plus d&#8217;informations, vous pouvez contacter l&#8217;\u00e9quipe Japhar ou venir visiter notre page web.<\/p>\n<p>Italian :<\/p>\n<p>Oggi il Team Japhar \u00e8 orgoglioso di annunciare la disponibilit\u00e0 del suo VU J Chip che aggiorner\u00e0 il tuo VU + Clone Box (Ferrari e altri) alla compatibilit\u00e0 delle immagini originali.<\/p>\n<p>Puoi aggiornare la tua VU Ferrari Clone (o qualsiasi altra marca di cloni) con il nuovo chip o la nuova Security Board, e goderti da adesso delle immagini originali per i Box VU+ Solo, Duo, Uno e Solo2.<\/p>\n<p>Per maggiori informazioni \u00e8 possibile contattare il team Japhar o venire a visitare la nostra pagina di gruppo.<\/p>\n<p>Portughese :<\/p>\n<p>Hoje, a Equipe Japhar orgulha-se de anunciar a disponibilidade de sua VU J Chip que atualizar\u00e1 a sua caixa VU + Clone (Ferrari e outros) para a compatibilidade de imagens originais.<\/p>\n<p>Voc\u00ea pode atualizar seu VU Ferrari Clone (ou qualquer outra marca de clone) para o novo chip ou o novo Security Board e aproveitar as imagens originais para as caixas VU + Solo, Duo, Uno e Solo2.<\/p>\n<p>Para obter mais informa\u00e7\u00f5es, entre em contato com a Equipe Japhar ou visite nossa p\u00e1gina web.<\/p>\n<p>Espa\u00f1ol :<\/p>\n<p>Hoy, el equipo Japhar se enorgullece en anunciar la disponibilidad de su VU J Chip que actualizar\u00e1 su caja VU + Clone (Ferrari y otros) a la compatibilidad de las im\u00e1genes originales.<\/p>\n<p>Puede actualizar su VU Ferrari Clone (o cualquier otra marca cl\u00f3nica) al nuevo chip o al nuevo Security Board, y disfrutar de las im\u00e1genes originales para los cuadros VU + Solo, Duo, Uno y Solo2.<\/p>\n<p>Para obtener m\u00e1s informaci\u00f3n, puede ponerse en contacto con el equipo de Japhar o visitar nuestra p\u00e1gina web.<\/p>\n<p>Russian :<\/p>\n<p>\u0421\u0435\u0433\u043e\u0434\u043d\u044f \u043a\u043e\u043c\u0430\u043d\u0434\u0430 Japhar \u0441 \u0433\u043e\u0440\u0434\u043e\u0441\u0442\u044c\u044e \u043e\u0431\u044a\u044f\u0432\u043b\u044f\u0435\u0442 \u043e \u0432\u044b\u043f\u0443\u0441\u043a\u0435 \u0441\u0432\u043e\u0435\u0433\u043e VU J Chip, \u043a\u043e\u0442\u043e\u0440\u044b\u0439 \u043e\u0431\u043d\u043e\u0432\u0438\u0442 \u0432\u0430\u0448 VU + Clone box (Ferrari \u0438 \u0434\u0440\u0443\u0433\u0438\u0435) \u0434\u043e \u0441\u043e\u0432\u043c\u0435\u0441\u0442\u0438\u043c\u043e\u0441\u0442\u0438 \u0438\u0441\u0445\u043e\u0434\u043d\u044b\u0445 \u0438\u0437\u043e\u0431\u0440\u0430\u0436\u0435\u043d\u0438\u0439.<\/p>\n<p>\u0412\u044b \u043c\u043e\u0436\u0435\u0442\u0435 \u043e\u0431\u043d\u043e\u0432\u0438\u0442\u044c \u0441\u0432\u043e\u0439 VU Ferrari Clone (\u0438\u043b\u0438 \u043b\u044e\u0431\u043e\u0439 \u0434\u0440\u0443\u0433\u043e\u0439 \u043a\u043b\u043e\u043d-\u0431\u0440\u0435\u043d\u0434) \u0434\u043e \u043d\u043e\u0432\u043e\u0433\u043e \u0447\u0438\u043f\u0430 \u0438\u043b\u0438 \u043d\u043e\u0432\u043e\u0439 \u0441\u0438\u0441\u0442\u0435\u043c\u044b \u0431\u0435\u0437\u043e\u043f\u0430\u0441\u043d\u043e\u0441\u0442\u0438 \u0438 \u043d\u0430\u0441\u043b\u0430\u0436\u0434\u0430\u0442\u044c\u0441\u044f \u043e\u0440\u0438\u0433\u0438\u043d\u0430\u043b\u044c\u043d\u044b\u043c\u0438 \u0438\u0437\u043e\u0431\u0440\u0430\u0436\u0435\u043d\u0438\u044f\u043c\u0438 \u0434\u043b\u044f \u044f\u0449\u0438\u043a\u043e\u0432 VU + Solo, Duo, Uno \u0438 Solo2.<\/p>\n<p>\u0414\u043b\u044f \u043f\u043e\u043b\u0443\u0447\u0435\u043d\u0438\u044f \u0434\u043e\u043f\u043e\u043b\u043d\u0438\u0442\u0435\u043b\u044c\u043d\u043e\u0439 \u0438\u043d\u0444\u043e\u0440\u043c\u0430\u0446\u0438\u0438 \u0432\u044b \u043c\u043e\u0436\u0435\u0442\u0435 \u0441\u0432\u044f\u0437\u0430\u0442\u044c\u0441\u044f \u0441 \u043a\u043e\u043c\u0430\u043d\u0434\u043e\u0439 Japhar \u0438\u043b\u0438 \u043f\u043e\u0441\u0435\u0442\u0438\u0442\u044c \u0441\u0442\u0440\u0430\u043d\u0438\u0446\u0443 \u043d\u0430\u0448\u0435\u0439 \u0433\u0440\u0443\u043f\u043f\u044b.<\/p>\n<p>Arabic :<\/p>\n<p>\u0627\u0644\u064a\u0648\u0645 \u0641\u0631\u064a\u0642 \u062c\u0627\u0641\u0627\u0631 \u062a\u0641\u062e\u0631 \u0628\u0623\u0646 \u062a\u0639\u0644\u0646 \u0639\u0646 \u062a\u0648\u0627\u0641\u0631 \u0641\u0648 J \u0631\u0642\u0627\u0642\u0629 \u0627\u0644\u062a\u064a \u0645\u0646 \u0634\u0623\u0646\u0647\u0627 \u062a\u0631\u0642\u064a\u0629 \u0641\u0648 + \u0627\u0633\u062a\u0646\u0633\u0627\u062e \u0645\u0631\u0628\u0639 (\u0641\u064a\u0631\u0627\u0631\u064a \u0648\u063a\u064a\u0631\u0647\u0627) \u0644\u062a\u0648\u0627\u0641\u0642 \u0627\u0644\u0635\u0648\u0631 \u0627\u0644\u0623\u0635\u0644\u064a\u0629.<\/p>\n<p>\u064a\u0645\u0643\u0646\u0643 \u062a\u0631\u0642\u064a\u0629 \u0641\u0648 \u0641\u064a\u0631\u0627\u0631\u064a \u0643\u0644\u0648\u0646 (\u0623\u0648 \u0623\u064a \u0639\u0644\u0627\u0645\u0629 \u062a\u062c\u0627\u0631\u064a\u0629 \u0627\u0633\u062a\u0646\u0633\u0627\u062e \u0623\u062e\u0631\u0649) \u0625\u0644\u0649 \u0627\u0644\u0634\u0631\u064a\u062d\u0629 \u0627\u0644\u062c\u062f\u064a\u062f\u0629 \u0623\u0648 \u0645\u062c\u0644\u0633 \u0627\u0644\u0623\u0645\u0646 \u0627\u0644\u062c\u062f\u064a\u062f\u060c \u0648\u0627\u0644\u062a\u0645\u062a\u0639 \u0628\u0627\u0644\u0635\u0648\u0631 \u0627\u0644\u0623\u0635\u0644\u064a\u0629 \u0644\u0635\u0646\u0627\u062f\u064a\u0642 \u0641\u0648 + \u0633\u0648\u0644\u0648 \u0648 \u062f\u064a\u0648 \u0648 \u0623\u0648\u0646\u0648 \u0648 Solo2.<\/p>\n","protected":false},"excerpt":{"rendered":"<p>VU Boxes : Announcement, the VU J Chip by Japhar ! Japhar Team announce the VU J Chip, for VU+ Solo, VU+ Duo, VU+ Uno, VU+ Solo2 clones &nbsp; English : Today the Japhar Team is proud to announce the availability of their VU J Chip that will upgrade your VU+ Clone box (Ferrari and [&hellip;]<\/p>\n","protected":false},"featured_media":467,"template":"","meta":[],"product_brand":[],"product_cat":[18],"product_tag":[],"class_list":{"0":"post-465","1":"product","2":"type-product","3":"status-publish","4":"has-post-thumbnail","6":"product_cat-oem-boxes","8":"first","9":"instock","10":"shipping-taxable","11":"purchasable","12":"product-type-simple"},"_links":{"self":[{"href":"https:\/\/jam3.japhar.com\/japhar\/wp-json\/wp\/v2\/product\/465","targetHints":{"allow":["GET"]}}],"collection":[{"href":"https:\/\/jam3.japhar.com\/japhar\/wp-json\/wp\/v2\/product"}],"about":[{"href":"https:\/\/jam3.japhar.com\/japhar\/wp-json\/wp\/v2\/types\/product"}],"wp:featuredmedia":[{"embeddable":true,"href":"https:\/\/jam3.japhar.com\/japhar\/wp-json\/wp\/v2\/media\/467"}],"wp:attachment":[{"href":"https:\/\/jam3.japhar.com\/japhar\/wp-json\/wp\/v2\/media?parent=465"}],"wp:term":[{"taxonomy":"product_brand","embeddable":true,"href":"https:\/\/jam3.japhar.com\/japhar\/wp-json\/wp\/v2\/product_brand?post=465"},{"taxonomy":"product_cat","embeddable":true,"href":"https:\/\/jam3.japhar.com\/japhar\/wp-json\/wp\/v2\/product_cat?post=465"},{"taxonomy":"product_tag","embeddable":true,"href":"https:\/\/jam3.japhar.com\/japhar\/wp-json\/wp\/v2\/product_tag?post=465"}],"curies":[{"name":"wp","href":"https:\/\/api.w.org\/{rel}","templated":true}]}}